{"id":627,"date":"2025-07-23T13:33:13","date_gmt":"2025-07-23T13:33:13","guid":{"rendered":"https:\/\/restauranteorio.es\/?page_id=627"},"modified":"2025-07-23T13:33:13","modified_gmt":"2025-07-23T13:33:13","slug":"politica-de-cookies-ue","status":"publish","type":"page","link":"https:\/\/restauranteorio.es\/?page_id=627","title":{"rendered":"Pol\u00edtica de Cookies (UE)"},"content":{"rendered":"\n<p>Actualizada el 16 de julio de 2025. Aplica a ciudadanos y residentes del Espacio Econ\u00f3mico Europeo.<\/p>\n\n\n\n<p><strong>1. \u00bfQu\u00e9 son las cookies?<\/strong><br>Las cookies son peque\u00f1os archivos que se almacenan en tu dispositivo cuando visitas nuestro sitio web. Nos permiten mejorar la navegaci\u00f3n, recordar tus preferencias y analizar c\u00f3mo usas la p\u00e1gina.<\/p>\n\n\n\n<p><strong>2. \u00bfQu\u00e9 tipos de cookies usamos?<\/strong><\/p>\n\n\n\n<ul class=\"wp-block-list\">\n<li><strong>Cookies necesarias:<\/strong> Garantizan el correcto funcionamiento del sitio (por ejemplo, configuraci\u00f3n b\u00e1sica y seguridad).<\/li>\n\n\n\n<li><strong>Cookies de estad\u00edsticas:<\/strong> Recopilan datos an\u00f3nimos para entender y optimizar el uso del sitio.<\/li>\n\n\n\n<li><strong>Cookies de publicidad y marketing:<\/strong> Permiten mostrar anuncios personalizados y medir la efectividad de campa\u00f1as (como el pixel de Facebook).<\/li>\n<\/ul>\n\n\n\n<p><strong>3. Consentimiento y gesti\u00f3n<\/strong><br>Al acceder y usar nuestro sitio, aceptas el uso de las cookies que seleccionas. Puedes cambiar o retirar tu consentimiento en cualquier momento ajustando la configuraci\u00f3n de cookies en la ventana emergente o desde las opciones de tu navegador. Ten en cuenta que deshabilitar ciertas cookies puede afectar la funcionalidad de la web.<\/p>\n\n\n\n<p><strong>4. Tus derechos sobre tus datos<\/strong><br>Tienes derecho a acceder, corregir, eliminar o limitar el tratamiento de tus datos personales relacionados con las cookies. Tambi\u00e9n puedes revocar tu consentimiento para el uso de cookies y presentar una reclamaci\u00f3n ante la autoridad de protecci\u00f3n de datos correspondiente.<\/p>\n\n\n\n<p><strong>5. Contacto<\/strong><br>EMAVE S.L.<br><strong>Direcci\u00f3n:<\/strong>\u00a0<a href=\"https:\/\/maps.app.goo.gl\/D3KDFuwKY4n5hyg19\">Avenida de Espa\u00f1a 10, 39770, Laredo, Espa\u00f1a<\/a><br><strong>Email:<\/strong>\u00a0<a>restaurante@oriolaredo.es<\/a><br><strong>Tel\u00e9fono:<\/strong>\u00a0<a>942 60 70 93<\/a><br><strong>Web:<\/strong>\u00a0<a href=\"https:\/\/restauranteorio.es\/\">https:\/\/restauranteorio.es\/<\/a><\/p>\n\n\n\n<p><\/p>\n","protected":false},"excerpt":{"rendered":"<p>Actualizada el 16 de julio de 2025. Aplica a ciudadanos y residentes del Espacio Econ\u00f3mico Europeo. 1. \u00bfQu\u00e9 son las cookies?Las cookies son peque\u00f1os archivos que se almacenan en tu dispositivo cuando visitas nuestro sitio web. Nos permiten mejorar la navegaci\u00f3n, recordar tus preferencias y analizar c\u00f3mo usas la p\u00e1gina. 2. \u00bfQu\u00e9 tipos de cookies [&hellip;]<\/p>\n","protected":false},"author":1,"featured_media":0,"parent":0,"menu_order":0,"comment_status":"closed","ping_status":"closed","template":"","meta":{"footnotes":""},"class_list":["post-627","page","type-page","status-publish","hentry"],"jetpack_sharing_enabled":true,"_links":{"self":[{"href":"https:\/\/restauranteorio.es\/index.php?rest_route=\/wp\/v2\/pages\/627","targetHints":{"allow":["GET"]}}],"collection":[{"href":"https:\/\/restauranteorio.es\/index.php?rest_route=\/wp\/v2\/pages"}],"about":[{"href":"https:\/\/restauranteorio.es\/index.php?rest_route=\/wp\/v2\/types\/page"}],"author":[{"embeddable":true,"href":"https:\/\/restauranteorio.es\/index.php?rest_route=\/wp\/v2\/users\/1"}],"replies":[{"embeddable":true,"href":"https:\/\/restauranteorio.es\/index.php?rest_route=%2Fwp%2Fv2%2Fcomments&post=627"}],"version-history":[{"count":1,"href":"https:\/\/restauranteorio.es\/index.php?rest_route=\/wp\/v2\/pages\/627\/revisions"}],"predecessor-version":[{"id":628,"href":"https:\/\/restauranteorio.es\/index.php?rest_route=\/wp\/v2\/pages\/627\/revisions\/628"}],"wp:attachment":[{"href":"https:\/\/restauranteorio.es\/index.php?rest_route=%2Fwp%2Fv2%2Fmedia&parent=627"}],"curies":[{"name":"wp","href":"https:\/\/api.w.org\/{rel}","templated":true}]}}