{"id":27,"date":"2025-06-10T13:17:07","date_gmt":"2025-06-10T13:17:07","guid":{"rendered":"https:\/\/restauranteorio.es\/?page_id=27"},"modified":"2025-12-20T12:49:38","modified_gmt":"2025-12-20T12:49:38","slug":"encuentranos","status":"publish","type":"page","link":"https:\/\/restauranteorio.es\/?page_id=27","title":{"rendered":"Encu\u00e9ntranos"},"content":{"rendered":"\n<main class=\"wp-block-group is-layout-flow wp-container-core-group-is-layout-ce397403 wp-block-group-is-layout-flow\" style=\"margin-top:0;margin-bottom:0;padding-top:0;padding-right:0;padding-bottom:0;padding-left:0\">\n<div class=\"wp-block-cover\" style=\"padding-top:var(--wp--preset--spacing--superbspacing-xxlarge);padding-right:0;padding-bottom:var(--wp--preset--spacing--superbspacing-xxlarge);padding-left:0\"><img loading=\"lazy\" decoding=\"async\" width=\"1024\" height=\"512\" data-attachment-id=\"211\" data-permalink=\"https:\/\/restauranteorio.es\/?attachment_id=211\" data-orig-file=\"https:\/\/restauranteorio.es\/wp-content\/uploads\/2025\/06\/Casco_viejo_Laredo-1.jpg\" data-orig-size=\"2400,1200\" data-comments-opened=\"1\" data-image-meta=\"{&quot;aperture&quot;:&quot;0&quot;,&quot;credit&quot;:&quot;&quot;,&quot;camera&quot;:&quot;&quot;,&quot;caption&quot;:&quot;&quot;,&quot;created_timestamp&quot;:&quot;0&quot;,&quot;copyright&quot;:&quot;&quot;,&quot;focal_length&quot;:&quot;0&quot;,&quot;iso&quot;:&quot;0&quot;,&quot;shutter_speed&quot;:&quot;0&quot;,&quot;title&quot;:&quot;&quot;,&quot;orientation&quot;:&quot;0&quot;}\" data-image-title=\"Casco_viejo_Laredo\" data-image-description=\"\" data-image-caption=\"\" data-medium-file=\"https:\/\/restauranteorio.es\/wp-content\/uploads\/2025\/06\/Casco_viejo_Laredo-1-300x150.jpg\" data-large-file=\"https:\/\/restauranteorio.es\/wp-content\/uploads\/2025\/06\/Casco_viejo_Laredo-1-1024x512.jpg\" class=\"wp-block-cover__image-background wp-image-211 size-large\" alt=\"\" src=\"https:\/\/restauranteorio.es\/wp-content\/uploads\/2025\/06\/Casco_viejo_Laredo-1-1024x512.jpg\" data-object-fit=\"cover\" srcset=\"https:\/\/restauranteorio.es\/wp-content\/uploads\/2025\/06\/Casco_viejo_Laredo-1-1024x512.jpg 1024w, https:\/\/restauranteorio.es\/wp-content\/uploads\/2025\/06\/Casco_viejo_Laredo-1-300x150.jpg 300w, https:\/\/restauranteorio.es\/wp-content\/uploads\/2025\/06\/Casco_viejo_Laredo-1-768x384.jpg 768w, https:\/\/restauranteorio.es\/wp-content\/uploads\/2025\/06\/Casco_viejo_Laredo-1-1536x768.jpg 1536w, https:\/\/restauranteorio.es\/wp-content\/uploads\/2025\/06\/Casco_viejo_Laredo-1-2048x1024.jpg 2048w\" sizes=\"auto, (max-width: 1024px) 100vw, 1024px\" \/><span aria-hidden=\"true\" class=\"wp-block-cover__background has-contrast-dark-background-color has-background-dim-40 has-background-dim\"><\/span><div class=\"wp-block-cover__inner-container is-layout-flow wp-block-cover-is-layout-flow\">\n<div class=\"wp-block-group has-global-padding is-layout-constrained wp-container-core-group-is-layout-19f910d9 wp-block-group-is-layout-constrained\" style=\"padding-top:var(--wp--preset--spacing--superbspacing-medium);padding-right:var(--wp--preset--spacing--superbspacing-small);padding-bottom:var(--wp--preset--spacing--superbspacing-medium);padding-left:var(--wp--preset--spacing--superbspacing-small)\">\n<figure class=\"wp-block-image aligncenter size-full is-resized\" style=\"margin-bottom:30px\"><img loading=\"lazy\" decoding=\"async\" width=\"2560\" height=\"2490\" data-attachment-id=\"8\" data-permalink=\"https:\/\/restauranteorio.es\/?attachment_id=8\" data-orig-file=\"https:\/\/restauranteorio.es\/wp-content\/uploads\/2025\/06\/Orio-Laredo-Logo-scaled.png\" data-orig-size=\"2560,2490\" data-comments-opened=\"1\" data-image-meta=\"{&quot;aperture&quot;:&quot;0&quot;,&quot;credit&quot;:&quot;&quot;,&quot;camera&quot;:&quot;&quot;,&quot;caption&quot;:&quot;&quot;,&quot;created_timestamp&quot;:&quot;0&quot;,&quot;copyright&quot;:&quot;&quot;,&quot;focal_length&quot;:&quot;0&quot;,&quot;iso&quot;:&quot;0&quot;,&quot;shutter_speed&quot;:&quot;0&quot;,&quot;title&quot;:&quot;&quot;,&quot;orientation&quot;:&quot;0&quot;}\" data-image-title=\"Orio Laredo Logo\" data-image-description=\"\" data-image-caption=\"\" data-medium-file=\"https:\/\/restauranteorio.es\/wp-content\/uploads\/2025\/06\/Orio-Laredo-Logo-300x292.png\" data-large-file=\"https:\/\/restauranteorio.es\/wp-content\/uploads\/2025\/06\/Orio-Laredo-Logo-1024x996.png\" src=\"https:\/\/restauranteorio.es\/wp-content\/uploads\/2025\/06\/Orio-Laredo-Logo-scaled.png\" alt=\"\" class=\"wp-image-8\" style=\"width:150px\" srcset=\"https:\/\/restauranteorio.es\/wp-content\/uploads\/2025\/06\/Orio-Laredo-Logo-scaled.png 2560w, https:\/\/restauranteorio.es\/wp-content\/uploads\/2025\/06\/Orio-Laredo-Logo-300x292.png 300w, https:\/\/restauranteorio.es\/wp-content\/uploads\/2025\/06\/Orio-Laredo-Logo-1024x996.png 1024w, https:\/\/restauranteorio.es\/wp-content\/uploads\/2025\/06\/Orio-Laredo-Logo-768x747.png 768w, https:\/\/restauranteorio.es\/wp-content\/uploads\/2025\/06\/Orio-Laredo-Logo-1536x1494.png 1536w, https:\/\/restauranteorio.es\/wp-content\/uploads\/2025\/06\/Orio-Laredo-Logo-2048x1992.png 2048w\" sizes=\"auto, (max-width: 2560px) 100vw, 2560px\" \/><\/figure>\n\n\n\n<div class=\"wp-block-group has-global-padding is-content-justification-center is-layout-constrained wp-container-core-group-is-layout-1238f6da wp-block-group-is-layout-constrained\" style=\"margin-top:0;margin-bottom:0;padding-bottom:0\">\n<h1 class=\"wp-block-heading has-text-align-center has-text-color has-superbfont-xxlarge-font-size\" style=\"color:#fdfdfd;font-style:normal;font-weight:400;text-transform:uppercase\">encu\u00e9ntranos<\/h1>\n\n\n\n<p class=\"has-text-align-center has-text-color has-superbfont-small-font-size\" style=\"color:#fdfdfd\">Te facilitamos nuestra ubicaci\u00f3n en Google Maps y nuestro n\u00famero de contacto<\/p>\n\n\n\n<div class=\"wp-block-buttons is-content-justification-center is-layout-flex wp-container-core-buttons-is-layout-a44ac21b wp-block-buttons-is-layout-flex\" style=\"margin-top:var(--wp--preset--spacing--superbspacing-small)\">\n<div class=\"wp-block-button is-style-outline is-style-outline--1\"><a class=\"wp-block-button__link has-contrast-light-color has-text-color has-link-color has-border-color has-contrast-light-border-color wp-element-button\" href=\"tel:942607093\" style=\"font-style:normal;font-weight:400;letter-spacing:1px\">LL\u00c1MANOS<\/a><\/div>\n\n\n\n<div class=\"wp-block-button\"><a class=\"wp-block-button__link wp-element-button\" href=\"https:\/\/restauranteorio.es\/?page_id=129\" style=\"font-style:normal;font-weight:400;letter-spacing:1px\">NUESTRA CARTA<\/a><\/div>\n<\/div>\n<\/div>\n<\/div>\n<\/div><\/div>\n\n\n\n<div class=\"wp-block-group alignfull fondo-patron has-mono-4-background-color has-background has-global-padding is-layout-constrained wp-container-core-group-is-layout-20b8da67 wp-block-group-is-layout-constrained\" style=\"margin-top:0;margin-bottom:0;padding-top:var(--wp--preset--spacing--superbspacing-xxsmall);padding-right:var(--wp--preset--spacing--superbspacing-small);padding-bottom:var(--wp--preset--spacing--superbspacing-xxsmall);padding-left:var(--wp--preset--spacing--superbspacing-small)\">\n<div class=\"wp-block-group is-content-justification-space-between is-nowrap is-layout-flex wp-container-core-group-is-layout-0b3bb30c wp-block-group-is-layout-flex\" style=\"min-height:0px;margin-top:var(--wp--preset--spacing--superbspacing-xsmall);margin-bottom:var(--wp--preset--spacing--superbspacing-xsmall);padding-top:0;padding-right:var(--wp--preset--spacing--superbspacing-xxlarge);padding-bottom:0;padding-left:var(--wp--preset--spacing--superbspacing-xxlarge)\">\n<p class=\"has-text-align-center\"><\/p>\n<\/div>\n<\/div>\n<\/main>\n\n\n\n<div class=\"wp-block-group alignfull fondo-patron has-mono-4-background-color has-background has-global-padding is-layout-constrained wp-container-core-group-is-layout-0b7409dd wp-block-group-is-layout-constrained\" style=\"margin-top:0;margin-bottom:0;padding-top:0;padding-right:var(--wp--preset--spacing--superbspacing-small);padding-bottom:0;padding-left:var(--wp--preset--spacing--superbspacing-small)\">\n<div class=\"wp-block-group has-global-padding is-layout-constrained wp-container-core-group-is-layout-85cc789f wp-block-group-is-layout-constrained\">\n<h1 class=\"wp-block-heading has-text-align-center has-mono-1-color has-text-color has-superbfont-xxlarge-font-size\">Ubicaci\u00f3n y Contacto<\/h1>\n\n\n\n<p class=\"has-text-align-center has-mono-1-color has-text-color has-superbfont-medium-font-size\">Nos encontrar\u00e1s f\u00e1cilmente en el centro de Laredo, frente al Parque de la Alameda<\/p>\n<\/div>\n\n\n\n<div class=\"wp-block-columns alignwide borde-ambar is-layout-flex wp-container-core-columns-is-layout-25593187 wp-block-columns-is-layout-flex\">\n<div class=\"wp-block-column is-vertically-aligned-center is-layout-flow wp-container-core-column-is-layout-40a2a7e8 wp-block-column-is-layout-flow\" style=\"padding-right:0;padding-bottom:0;padding-left:0\">\n<iframe src=\"https:\/\/www.google.com\/maps\/embed?pb=!1m18!1m12!1m3!1d2622.9570963877627!2d-3.4176750243564067!3d43.409174368180366!2m3!1f0!2f0!3f0!3m2!1i1024!2i768!4f13.1!3m3!1m2!1s0xd4eea9eafa2cd8b%3A0x32996c9e5125883d!2sRestaurante%20Orio!5e1!3m2!1sen!2ses!4v1750816273396!5m2!1sen!2ses\" width=\"600\" height=\"450\" style=\"border:0;\" allowfullscreen=\"\" loading=\"lazy\" referrerpolicy=\"no-referrer-when-downgrade\"><\/iframe>\n\n\n\n<div class=\"wp-block-group alignfull fondo-patron .wp-block-columns has-mono-4-background-color has-background has-global-padding is-layout-constrained wp-container-core-group-is-layout-8bbd0b3b wp-block-group-is-layout-constrained\" style=\"margin-top:0;margin-bottom:0;padding-top:var(--wp--preset--spacing--superbspacing-large);padding-right:var(--wp--preset--spacing--superbspacing-small);padding-bottom:var(--wp--preset--spacing--superbspacing-large);padding-left:var(--wp--preset--spacing--superbspacing-small)\">\n<div class=\"wp-block-columns alignwide hamburguesa is-layout-flex wp-container-core-columns-is-layout-25593187 wp-block-columns-is-layout-flex\">\n<div class=\"wp-block-column is-vertically-aligned-center is-layout-flow wp-container-core-column-is-layout-40a2a7e8 wp-block-column-is-layout-flow\" style=\"padding-right:0;padding-bottom:0;padding-left:0\">\n<figure class=\"wp-block-gallery has-nested-images columns-default is-cropped wp-block-gallery-2 is-layout-flex wp-block-gallery-is-layout-flex\">\n<figure class=\"wp-block-image size-large has-custom-border\"><img loading=\"lazy\" decoding=\"async\" width=\"1024\" height=\"683\" data-attachment-id=\"768\" data-permalink=\"https:\/\/restauranteorio.es\/?attachment_id=768\" data-orig-file=\"https:\/\/restauranteorio.es\/wp-content\/uploads\/2025\/06\/generation-36413e32-6f4d-4e73-898b-49386f976f69.png\" data-orig-size=\"1248,832\" data-comments-opened=\"1\" data-image-meta=\"{&quot;aperture&quot;:&quot;0&quot;,&quot;credit&quot;:&quot;&quot;,&quot;camera&quot;:&quot;&quot;,&quot;caption&quot;:&quot;&quot;,&quot;created_timestamp&quot;:&quot;0&quot;,&quot;copyright&quot;:&quot;&quot;,&quot;focal_length&quot;:&quot;0&quot;,&quot;iso&quot;:&quot;0&quot;,&quot;shutter_speed&quot;:&quot;0&quot;,&quot;title&quot;:&quot;&quot;,&quot;orientation&quot;:&quot;0&quot;}\" data-image-title=\"generation-36413e32-6f4d-4e73-898b-49386f976f69\" data-image-description=\"\" data-image-caption=\"\" data-medium-file=\"https:\/\/restauranteorio.es\/wp-content\/uploads\/2025\/06\/generation-36413e32-6f4d-4e73-898b-49386f976f69-300x200.png\" data-large-file=\"https:\/\/restauranteorio.es\/wp-content\/uploads\/2025\/06\/generation-36413e32-6f4d-4e73-898b-49386f976f69-1024x683.png\" data-id=\"768\" src=\"https:\/\/restauranteorio.es\/wp-content\/uploads\/2025\/06\/generation-36413e32-6f4d-4e73-898b-49386f976f69-1024x683.png\" alt=\"\" class=\"wp-image-768\" style=\"border-radius:12px\" srcset=\"https:\/\/restauranteorio.es\/wp-content\/uploads\/2025\/06\/generation-36413e32-6f4d-4e73-898b-49386f976f69-1024x683.png 1024w, https:\/\/restauranteorio.es\/wp-content\/uploads\/2025\/06\/generation-36413e32-6f4d-4e73-898b-49386f976f69-300x200.png 300w, https:\/\/restauranteorio.es\/wp-content\/uploads\/2025\/06\/generation-36413e32-6f4d-4e73-898b-49386f976f69-768x512.png 768w, https:\/\/restauranteorio.es\/wp-content\/uploads\/2025\/06\/generation-36413e32-6f4d-4e73-898b-49386f976f69.png 1248w\" sizes=\"auto, (max-width: 1024px) 100vw, 1024px\" \/><\/figure>\n<\/figure>\n<\/div>\n\n\n\n<div class=\"wp-block-column is-vertically-aligned-center is-layout-flow wp-container-core-column-is-layout-a1628350 wp-block-column-is-layout-flow\" style=\"padding-top:0;padding-right:0;padding-bottom:0;padding-left:0\">\n<div class=\"wp-block-group is-layout-flow wp-container-core-group-is-layout-ff697075 wp-block-group-is-layout-flow\">\n<p class=\"has-featured-color has-text-color has-link-color has-superbfont-small-font-size wp-elements-1f4ab841e0b7c83195fea07aa964e839\">Parque de La Alameda<\/p>\n\n\n\n<h3 class=\"wp-block-heading has-text-align-left has-superbfont-xlarge-font-size\" style=\"line-height:1.2\">Justo en frente;<\/h3>\n\n\n\n<p class=\"has-text-align-left has-mono-2-color has-text-color has-superbfont-small-font-size\">Un parque infantil para los m\u00e1s peque\u00f1os. Ellos juegan, t\u00fa desconectas. Una pausa agradable mientras tomas algo<\/p>\n<\/div>\n<\/div>\n<\/div>\n\n\n\n<div class=\"wp-block-group alignfull fondo-patron has-mono-4-background-color has-background has-global-padding is-layout-constrained wp-container-core-group-is-layout-cca870e5 wp-block-group-is-layout-constrained\" style=\"margin-top:0;margin-bottom:0;padding-top:var(--wp--preset--spacing--superbspacing-medium);padding-right:var(--wp--preset--spacing--superbspacing-small);padding-bottom:var(--wp--preset--spacing--superbspacing-medium);padding-left:var(--wp--preset--spacing--superbspacing-small)\">\n<div class=\"wp-block-columns alignwide is-layout-flex wp-container-core-columns-is-layout-25593187 wp-block-columns-is-layout-flex\">\n<div class=\"wp-block-column is-vertically-aligned-center is-layout-flow wp-container-core-column-is-layout-a1628350 wp-block-column-is-layout-flow\" style=\"padding-top:0;padding-right:0;padding-bottom:0;padding-left:0\">\n<div class=\"wp-block-group is-layout-flow wp-container-core-group-is-layout-ff697075 wp-block-group-is-layout-flow\">\n<p class=\"has-featured-color has-text-color has-link-color has-superbfont-small-font-size wp-elements-82f2d4be9abc6ad150c7b1f8050b4fa3\">Playa La Salv\u00e9 <\/p>\n\n\n\n<h3 class=\"wp-block-heading has-text-align-left has-superbfont-xlarge-font-size\" style=\"line-height:1.2\">A solo 8 minutos:<\/h3>\n\n\n\n<p class=\"has-text-align-left has-mono-2-color has-text-color has-superbfont-small-font-size\">El sonido del mar y la brisa suave, te espera un rinc\u00f3n donde el tiempo se desacelera, las conversaciones fluyen y cada momento se disfruta sin prisa<\/p>\n<\/div>\n<\/div>\n\n\n\n<div class=\"wp-block-column is-vertically-aligned-center is-layout-flow wp-container-core-column-is-layout-40a2a7e8 wp-block-column-is-layout-flow\" style=\"padding-right:0;padding-bottom:0;padding-left:0\">\n<figure class=\"wp-block-image size-full has-custom-border\"><img loading=\"lazy\" decoding=\"async\" width=\"563\" height=\"422\" data-attachment-id=\"782\" data-permalink=\"https:\/\/restauranteorio.es\/?attachment_id=782\" data-orig-file=\"https:\/\/restauranteorio.es\/wp-content\/uploads\/2025\/08\/unnamed.jpg\" data-orig-size=\"563,422\" data-comments-opened=\"1\" data-image-meta=\"{&quot;aperture&quot;:&quot;0&quot;,&quot;credit&quot;:&quot;&quot;,&quot;camera&quot;:&quot;&quot;,&quot;caption&quot;:&quot;&quot;,&quot;created_timestamp&quot;:&quot;0&quot;,&quot;copyright&quot;:&quot;&quot;,&quot;focal_length&quot;:&quot;0&quot;,&quot;iso&quot;:&quot;0&quot;,&quot;shutter_speed&quot;:&quot;0&quot;,&quot;title&quot;:&quot;&quot;,&quot;orientation&quot;:&quot;0&quot;}\" data-image-title=\"unnamed\" data-image-description=\"\" data-image-caption=\"\" data-medium-file=\"https:\/\/restauranteorio.es\/wp-content\/uploads\/2025\/08\/unnamed-300x225.jpg\" data-large-file=\"https:\/\/restauranteorio.es\/wp-content\/uploads\/2025\/08\/unnamed.jpg\" src=\"https:\/\/restauranteorio.es\/wp-content\/uploads\/2025\/08\/unnamed.jpg\" alt=\"\" class=\"wp-image-782\" style=\"border-radius:12px\" srcset=\"https:\/\/restauranteorio.es\/wp-content\/uploads\/2025\/08\/unnamed.jpg 563w, https:\/\/restauranteorio.es\/wp-content\/uploads\/2025\/08\/unnamed-300x225.jpg 300w\" sizes=\"auto, (max-width: 563px) 100vw, 563px\" \/><\/figure>\n<\/div>\n<\/div>\n<\/div>\n<\/div>\n<\/div>\n<\/div>\n<\/div>\n\n\n\n<div class=\"wp-block-group alignfull fondo-patron has-mono-4-background-color has-background has-global-padding is-layout-constrained wp-container-core-group-is-layout-8bbd0b3b wp-block-group-is-layout-constrained\" style=\"margin-top:0;margin-bottom:0;padding-top:var(--wp--preset--spacing--superbspacing-large);padding-right:var(--wp--preset--spacing--superbspacing-small);padding-bottom:var(--wp--preset--spacing--superbspacing-large);padding-left:var(--wp--preset--spacing--superbspacing-small)\">\n<div class=\"wp-block-group is-content-justification-space-between is-nowrap is-layout-flex wp-container-core-group-is-layout-0b3bb30c wp-block-group-is-layout-flex\" style=\"min-height:0px;margin-top:var(--wp--preset--spacing--superbspacing-xsmall);margin-bottom:var(--wp--preset--spacing--superbspacing-xsmall);padding-top:0;padding-right:var(--wp--preset--spacing--superbspacing-xxlarge);padding-bottom:0;padding-left:var(--wp--preset--spacing--superbspacing-xxlarge)\">\n<figure class=\"wp-block-image size-full is-resized\"><a href=\"https:\/\/maps.app.goo.gl\/BPDWA1Ni4TGrzCVS6\"><img loading=\"lazy\" decoding=\"async\" width=\"664\" height=\"512\" data-attachment-id=\"496\" data-permalink=\"https:\/\/restauranteorio.es\/?attachment_id=496\" data-orig-file=\"https:\/\/restauranteorio.es\/wp-content\/uploads\/2025\/06\/2-3.png\" data-orig-size=\"664,512\" data-comments-opened=\"1\" data-image-meta=\"{&quot;aperture&quot;:&quot;0&quot;,&quot;credit&quot;:&quot;&quot;,&quot;camera&quot;:&quot;&quot;,&quot;caption&quot;:&quot;&quot;,&quot;created_timestamp&quot;:&quot;0&quot;,&quot;copyright&quot;:&quot;&quot;,&quot;focal_length&quot;:&quot;0&quot;,&quot;iso&quot;:&quot;0&quot;,&quot;shutter_speed&quot;:&quot;0&quot;,&quot;title&quot;:&quot;&quot;,&quot;orientation&quot;:&quot;0&quot;}\" data-image-title=\"2\" data-image-description=\"\" data-image-caption=\"\" data-medium-file=\"https:\/\/restauranteorio.es\/wp-content\/uploads\/2025\/06\/2-3-300x231.png\" data-large-file=\"https:\/\/restauranteorio.es\/wp-content\/uploads\/2025\/06\/2-3.png\" src=\"https:\/\/restauranteorio.es\/wp-content\/uploads\/2025\/06\/2-3.png\" alt=\"\" class=\"wp-image-496\" style=\"width:255px;height:auto\" srcset=\"https:\/\/restauranteorio.es\/wp-content\/uploads\/2025\/06\/2-3.png 664w, https:\/\/restauranteorio.es\/wp-content\/uploads\/2025\/06\/2-3-300x231.png 300w\" sizes=\"auto, (max-width: 664px) 100vw, 664px\" \/><\/a><\/figure>\n\n\n\n<figure class=\"wp-block-image size-full is-resized is-style-default\"><img loading=\"lazy\" decoding=\"async\" width=\"2560\" height=\"2490\" data-attachment-id=\"8\" data-permalink=\"https:\/\/restauranteorio.es\/?attachment_id=8\" data-orig-file=\"https:\/\/restauranteorio.es\/wp-content\/uploads\/2025\/06\/Orio-Laredo-Logo-scaled.png\" data-orig-size=\"2560,2490\" data-comments-opened=\"1\" data-image-meta=\"{&quot;aperture&quot;:&quot;0&quot;,&quot;credit&quot;:&quot;&quot;,&quot;camera&quot;:&quot;&quot;,&quot;caption&quot;:&quot;&quot;,&quot;created_timestamp&quot;:&quot;0&quot;,&quot;copyright&quot;:&quot;&quot;,&quot;focal_length&quot;:&quot;0&quot;,&quot;iso&quot;:&quot;0&quot;,&quot;shutter_speed&quot;:&quot;0&quot;,&quot;title&quot;:&quot;&quot;,&quot;orientation&quot;:&quot;0&quot;}\" data-image-title=\"Orio Laredo Logo\" data-image-description=\"\" data-image-caption=\"\" data-medium-file=\"https:\/\/restauranteorio.es\/wp-content\/uploads\/2025\/06\/Orio-Laredo-Logo-300x292.png\" data-large-file=\"https:\/\/restauranteorio.es\/wp-content\/uploads\/2025\/06\/Orio-Laredo-Logo-1024x996.png\" src=\"https:\/\/restauranteorio.es\/wp-content\/uploads\/2025\/06\/Orio-Laredo-Logo-scaled.png\" alt=\"\" class=\"wp-image-8\" style=\"width:309px;height:auto\" srcset=\"https:\/\/restauranteorio.es\/wp-content\/uploads\/2025\/06\/Orio-Laredo-Logo-scaled.png 2560w, https:\/\/restauranteorio.es\/wp-content\/uploads\/2025\/06\/Orio-Laredo-Logo-300x292.png 300w, https:\/\/restauranteorio.es\/wp-content\/uploads\/2025\/06\/Orio-Laredo-Logo-1024x996.png 1024w, https:\/\/restauranteorio.es\/wp-content\/uploads\/2025\/06\/Orio-Laredo-Logo-768x747.png 768w, https:\/\/restauranteorio.es\/wp-content\/uploads\/2025\/06\/Orio-Laredo-Logo-1536x1494.png 1536w, https:\/\/restauranteorio.es\/wp-content\/uploads\/2025\/06\/Orio-Laredo-Logo-2048x1992.png 2048w\" sizes=\"auto, (max-width: 2560px) 100vw, 2560px\" \/><\/figure>\n\n\n\n<figure class=\"wp-block-image size-full is-resized is-style-default\"><a href=\"tel:942607093\"><img loading=\"lazy\" decoding=\"async\" width=\"575\" height=\"512\" data-attachment-id=\"508\" data-permalink=\"https:\/\/restauranteorio.es\/?attachment_id=508\" data-orig-file=\"https:\/\/restauranteorio.es\/wp-content\/uploads\/2025\/06\/12-1.png\" data-orig-size=\"575,512\" data-comments-opened=\"1\" data-image-meta=\"{&quot;aperture&quot;:&quot;0&quot;,&quot;credit&quot;:&quot;&quot;,&quot;camera&quot;:&quot;&quot;,&quot;caption&quot;:&quot;&quot;,&quot;created_timestamp&quot;:&quot;0&quot;,&quot;copyright&quot;:&quot;&quot;,&quot;focal_length&quot;:&quot;0&quot;,&quot;iso&quot;:&quot;0&quot;,&quot;shutter_speed&quot;:&quot;0&quot;,&quot;title&quot;:&quot;&quot;,&quot;orientation&quot;:&quot;0&quot;}\" data-image-title=\"12\" data-image-description=\"\" data-image-caption=\"\" data-medium-file=\"https:\/\/restauranteorio.es\/wp-content\/uploads\/2025\/06\/12-1-300x267.png\" data-large-file=\"https:\/\/restauranteorio.es\/wp-content\/uploads\/2025\/06\/12-1.png\" src=\"https:\/\/restauranteorio.es\/wp-content\/uploads\/2025\/06\/12-1.png\" alt=\"\" class=\"wp-image-508\" style=\"width:249px;height:auto\" srcset=\"https:\/\/restauranteorio.es\/wp-content\/uploads\/2025\/06\/12-1.png 575w, https:\/\/restauranteorio.es\/wp-content\/uploads\/2025\/06\/12-1-300x267.png 300w\" sizes=\"auto, (max-width: 575px) 100vw, 575px\" \/><\/a><\/figure>\n<\/div>\n\n\n\n<h3 class=\"wp-block-heading has-text-align-center has-superbfont-xlarge-font-size\" style=\"line-height:1.2\">942 60 70 93<\/h3>\n\n\n\n<h3 class=\"wp-block-heading has-text-align-center has-superbfont-xlarge-font-size\" style=\"line-height:1.2\">Av. de Espa\u00f1a, 10<\/h3>\n<\/div>\n","protected":false},"excerpt":{"rendered":"<p>Ubicaci\u00f3n y Contacto Nos encontrar\u00e1s f\u00e1cilmente en el centro de Laredo, frente al Parque de la Alameda Parque de La Alameda Justo en frente; Un parque infantil para los m\u00e1s peque\u00f1os. Ellos juegan, t\u00fa desconectas. Una pausa agradable mientras tomas algo Playa La Salv\u00e9 A solo 8 minutos: El sonido del mar y la brisa [&hellip;]<\/p>\n","protected":false},"author":1,"featured_media":0,"parent":0,"menu_order":0,"comment_status":"closed","ping_status":"closed","template":"page-full-width","meta":{"footnotes":""},"class_list":["post-27","page","type-page","status-publish","hentry"],"jetpack_sharing_enabled":true,"_links":{"self":[{"href":"https:\/\/restauranteorio.es\/index.php?rest_route=\/wp\/v2\/pages\/27","targetHints":{"allow":["GET"]}}],"collection":[{"href":"https:\/\/restauranteorio.es\/index.php?rest_route=\/wp\/v2\/pages"}],"about":[{"href":"https:\/\/restauranteorio.es\/index.php?rest_route=\/wp\/v2\/types\/page"}],"author":[{"embeddable":true,"href":"https:\/\/restauranteorio.es\/index.php?rest_route=\/wp\/v2\/users\/1"}],"replies":[{"embeddable":true,"href":"https:\/\/restauranteorio.es\/index.php?rest_route=%2Fwp%2Fv2%2Fcomments&post=27"}],"version-history":[{"count":5,"href":"https:\/\/restauranteorio.es\/index.php?rest_route=\/wp\/v2\/pages\/27\/revisions"}],"predecessor-version":[{"id":817,"href":"https:\/\/restauranteorio.es\/index.php?rest_route=\/wp\/v2\/pages\/27\/revisions\/817"}],"wp:attachment":[{"href":"https:\/\/restauranteorio.es\/index.php?rest_route=%2Fwp%2Fv2%2Fmedia&parent=27"}],"curies":[{"name":"wp","href":"https:\/\/api.w.org\/{rel}","templated":true}]}}