{"id":135,"date":"2025-06-20T21:53:04","date_gmt":"2025-06-20T21:53:04","guid":{"rendered":"https:\/\/restauranteorio.es\/?page_id=135"},"modified":"2025-08-05T00:39:15","modified_gmt":"2025-08-05T00:39:15","slug":"eventos","status":"publish","type":"page","link":"https:\/\/restauranteorio.es\/?page_id=135","title":{"rendered":"Eventos"},"content":{"rendered":"\n<main class=\"wp-block-group is-layout-flow wp-container-core-group-is-layout-ce397403 wp-block-group-is-layout-flow\" style=\"margin-top:0;margin-bottom:0;padding-top:0;padding-right:0;padding-bottom:0;padding-left:0\">\n<div class=\"wp-block-cover\" style=\"padding-top:var(--wp--preset--spacing--superbspacing-xxlarge);padding-right:0;padding-bottom:var(--wp--preset--spacing--superbspacing-xxlarge);padding-left:0\"><img loading=\"lazy\" decoding=\"async\" width=\"1024\" height=\"1024\" data-attachment-id=\"321\" data-permalink=\"https:\/\/restauranteorio.es\/?attachment_id=321\" data-orig-file=\"https:\/\/restauranteorio.es\/wp-content\/uploads\/2025\/06\/472843061_524473193961711_6320867317830294871_n.jpg\" data-orig-size=\"1080,1080\" data-comments-opened=\"1\" data-image-meta=\"{&quot;aperture&quot;:&quot;0&quot;,&quot;credit&quot;:&quot;&quot;,&quot;camera&quot;:&quot;&quot;,&quot;caption&quot;:&quot;&quot;,&quot;created_timestamp&quot;:&quot;0&quot;,&quot;copyright&quot;:&quot;&quot;,&quot;focal_length&quot;:&quot;0&quot;,&quot;iso&quot;:&quot;0&quot;,&quot;shutter_speed&quot;:&quot;0&quot;,&quot;title&quot;:&quot;&quot;,&quot;orientation&quot;:&quot;0&quot;}\" data-image-title=\"472843061_524473193961711_6320867317830294871_n\" data-image-description=\"\" data-image-caption=\"\" data-medium-file=\"https:\/\/restauranteorio.es\/wp-content\/uploads\/2025\/06\/472843061_524473193961711_6320867317830294871_n-300x300.jpg\" data-large-file=\"https:\/\/restauranteorio.es\/wp-content\/uploads\/2025\/06\/472843061_524473193961711_6320867317830294871_n-1024x1024.jpg\" class=\"wp-block-cover__image-background wp-image-321 size-large\" alt=\"\" src=\"https:\/\/restauranteorio.es\/wp-content\/uploads\/2025\/06\/472843061_524473193961711_6320867317830294871_n-1024x1024.jpg\" data-object-fit=\"cover\" srcset=\"https:\/\/restauranteorio.es\/wp-content\/uploads\/2025\/06\/472843061_524473193961711_6320867317830294871_n-1024x1024.jpg 1024w, https:\/\/restauranteorio.es\/wp-content\/uploads\/2025\/06\/472843061_524473193961711_6320867317830294871_n-300x300.jpg 300w, https:\/\/restauranteorio.es\/wp-content\/uploads\/2025\/06\/472843061_524473193961711_6320867317830294871_n-150x150.jpg 150w, https:\/\/restauranteorio.es\/wp-content\/uploads\/2025\/06\/472843061_524473193961711_6320867317830294871_n-768x768.jpg 768w, https:\/\/restauranteorio.es\/wp-content\/uploads\/2025\/06\/472843061_524473193961711_6320867317830294871_n.jpg 1080w\" sizes=\"auto, (max-width: 1024px) 100vw, 1024px\" \/><span aria-hidden=\"true\" class=\"wp-block-cover__background has-contrast-dark-background-color has-background-dim-40 has-background-dim\"><\/span><div class=\"wp-block-cover__inner-container is-layout-flow wp-block-cover-is-layout-flow\">\n<div class=\"wp-block-group has-global-padding is-layout-constrained wp-container-core-group-is-layout-19f910d9 wp-block-group-is-layout-constrained\" style=\"padding-top:var(--wp--preset--spacing--superbspacing-medium);padding-right:var(--wp--preset--spacing--superbspacing-small);padding-bottom:var(--wp--preset--spacing--superbspacing-medium);padding-left:var(--wp--preset--spacing--superbspacing-small)\">\n<figure class=\"wp-block-image aligncenter size-full is-resized\" style=\"margin-bottom:30px\"><img loading=\"lazy\" decoding=\"async\" width=\"2560\" height=\"2490\" data-attachment-id=\"8\" data-permalink=\"https:\/\/restauranteorio.es\/?attachment_id=8\" data-orig-file=\"https:\/\/restauranteorio.es\/wp-content\/uploads\/2025\/06\/Orio-Laredo-Logo-scaled.png\" data-orig-size=\"2560,2490\" data-comments-opened=\"1\" data-image-meta=\"{&quot;aperture&quot;:&quot;0&quot;,&quot;credit&quot;:&quot;&quot;,&quot;camera&quot;:&quot;&quot;,&quot;caption&quot;:&quot;&quot;,&quot;created_timestamp&quot;:&quot;0&quot;,&quot;copyright&quot;:&quot;&quot;,&quot;focal_length&quot;:&quot;0&quot;,&quot;iso&quot;:&quot;0&quot;,&quot;shutter_speed&quot;:&quot;0&quot;,&quot;title&quot;:&quot;&quot;,&quot;orientation&quot;:&quot;0&quot;}\" data-image-title=\"Orio Laredo Logo\" data-image-description=\"\" data-image-caption=\"\" data-medium-file=\"https:\/\/restauranteorio.es\/wp-content\/uploads\/2025\/06\/Orio-Laredo-Logo-300x292.png\" data-large-file=\"https:\/\/restauranteorio.es\/wp-content\/uploads\/2025\/06\/Orio-Laredo-Logo-1024x996.png\" src=\"https:\/\/restauranteorio.es\/wp-content\/uploads\/2025\/06\/Orio-Laredo-Logo-scaled.png\" alt=\"\" class=\"wp-image-8\" style=\"width:150px\" srcset=\"https:\/\/restauranteorio.es\/wp-content\/uploads\/2025\/06\/Orio-Laredo-Logo-scaled.png 2560w, https:\/\/restauranteorio.es\/wp-content\/uploads\/2025\/06\/Orio-Laredo-Logo-300x292.png 300w, https:\/\/restauranteorio.es\/wp-content\/uploads\/2025\/06\/Orio-Laredo-Logo-1024x996.png 1024w, https:\/\/restauranteorio.es\/wp-content\/uploads\/2025\/06\/Orio-Laredo-Logo-768x747.png 768w, https:\/\/restauranteorio.es\/wp-content\/uploads\/2025\/06\/Orio-Laredo-Logo-1536x1494.png 1536w, https:\/\/restauranteorio.es\/wp-content\/uploads\/2025\/06\/Orio-Laredo-Logo-2048x1992.png 2048w\" sizes=\"auto, (max-width: 2560px) 100vw, 2560px\" \/><\/figure>\n\n\n\n<div class=\"wp-block-group has-global-padding is-content-justification-center is-layout-constrained wp-container-core-group-is-layout-1238f6da wp-block-group-is-layout-constrained\" style=\"margin-top:0;margin-bottom:0;padding-bottom:0\">\n<h1 class=\"wp-block-heading has-text-align-center has-text-color has-superbfont-xxlarge-font-size\" style=\"color:#fdfdfd;font-style:normal;font-weight:400;text-transform:uppercase\">eventos<\/h1>\n\n\n\n<p class=\"has-text-align-center has-text-color has-superbfont-small-font-size\" style=\"color:#fdfdfd\">Organiza tus eventos con el mejor y m\u00e1s cercano servicio.<\/p>\n\n\n\n<div class=\"wp-block-buttons is-content-justification-center is-layout-flex wp-container-core-buttons-is-layout-a44ac21b wp-block-buttons-is-layout-flex\" style=\"margin-top:var(--wp--preset--spacing--superbspacing-small)\">\n<div class=\"wp-block-button is-style-outline is-style-outline--1\"><a class=\"wp-block-button__link has-contrast-light-color has-text-color has-link-color has-border-color has-contrast-light-border-color wp-element-button\" href=\"https:\/\/restauranteorio.es\/?page_id=27\" style=\"font-style:normal;font-weight:400;letter-spacing:1px\">ENCU\u00c9NTRANOS<\/a><\/div>\n\n\n\n<div class=\"wp-block-button\"><a class=\"wp-block-button__link wp-element-button\" href=\"https:\/\/restauranteorio.es\/?page_id=129\" style=\"font-style:normal;font-weight:400;letter-spacing:1px\">NUESTRA CARTA<\/a><\/div>\n<\/div>\n<\/div>\n<\/div>\n<\/div><\/div>\n<\/main>\n\n\n\n<div class=\"wp-block-group alignfull bloque-claro has-global-padding is-layout-constrained wp-container-core-group-is-layout-c3b3325f wp-block-group-is-layout-constrained\" style=\"margin-top:0;margin-bottom:0;padding-top:var(--wp--preset--spacing--superbspacing-large);padding-right:var(--wp--preset--spacing--superbspacing-small);padding-bottom:var(--wp--preset--spacing--superbspacing-large);padding-left:var(--wp--preset--spacing--superbspacing-small)\">\n<div class=\"wp-block-group alignwide has-global-padding is-layout-constrained wp-container-core-group-is-layout-3faa0c81 wp-block-group-is-layout-constrained\">\n<h2 class=\"wp-block-heading has-text-align-left has-contrast-color has-text-color has-superbfont-xlarge-font-size\" style=\"font-style:normal;font-weight:300\">Preparaci\u00f3n personalizada,<br> para que disfrutes tal y como esperas.<\/h2>\n<\/div>\n\n\n\n<div class=\"wp-block-columns alignwide is-layout-flex wp-container-core-columns-is-layout-f9d87e41 wp-block-columns-is-layout-flex\">\n<div class=\"wp-block-column is-vertically-aligned-center is-layout-flow wp-container-core-column-is-layout-db2cb278 wp-block-column-is-layout-flow\">\n<figure class=\"wp-block-image size-full\"><img loading=\"lazy\" decoding=\"async\" width=\"583\" height=\"832\" data-attachment-id=\"455\" data-permalink=\"https:\/\/restauranteorio.es\/?attachment_id=455\" data-orig-file=\"https:\/\/restauranteorio.es\/wp-content\/uploads\/2025\/06\/sdafasdf-2.png\" data-orig-size=\"583,832\" data-comments-opened=\"1\" data-image-meta=\"{&quot;aperture&quot;:&quot;0&quot;,&quot;credit&quot;:&quot;&quot;,&quot;camera&quot;:&quot;&quot;,&quot;caption&quot;:&quot;&quot;,&quot;created_timestamp&quot;:&quot;0&quot;,&quot;copyright&quot;:&quot;&quot;,&quot;focal_length&quot;:&quot;0&quot;,&quot;iso&quot;:&quot;0&quot;,&quot;shutter_speed&quot;:&quot;0&quot;,&quot;title&quot;:&quot;&quot;,&quot;orientation&quot;:&quot;0&quot;}\" data-image-title=\"sdafasdf\" data-image-description=\"\" data-image-caption=\"\" data-medium-file=\"https:\/\/restauranteorio.es\/wp-content\/uploads\/2025\/06\/sdafasdf-2-210x300.png\" data-large-file=\"https:\/\/restauranteorio.es\/wp-content\/uploads\/2025\/06\/sdafasdf-2.png\" src=\"https:\/\/restauranteorio.es\/wp-content\/uploads\/2025\/06\/sdafasdf-2.png\" alt=\"\" class=\"wp-image-455\" style=\"object-fit:cover\" srcset=\"https:\/\/restauranteorio.es\/wp-content\/uploads\/2025\/06\/sdafasdf-2.png 583w, https:\/\/restauranteorio.es\/wp-content\/uploads\/2025\/06\/sdafasdf-2-210x300.png 210w\" sizes=\"auto, (max-width: 583px) 100vw, 583px\" \/><\/figure>\n\n\n\n<div class=\"wp-block-group has-global-padding is-layout-constrained wp-container-core-group-is-layout-85cc789f wp-block-group-is-layout-constrained\">\n<div class=\"wp-block-group has-global-padding is-layout-constrained wp-container-core-group-is-layout-19e250f3 wp-block-group-is-layout-constrained\">\n<h3 class=\"wp-block-heading has-text-align-center has-contrast-color has-text-color\" style=\"font-size:clamp(15.747px, 0.984rem + ((1vw - 3.2px) * 0.938), 24px);\">Despedidas.<\/h3>\n<\/div>\n\n\n\n<p class=\"has-text-align-center has-mono-2-color has-text-color has-superbfont-xsmall-font-size\" style=\"margin-top:var(--wp--preset--spacing--superbspacing-xxsmall);margin-bottom:var(--wp--preset--spacing--superbspacing-xxsmall)\">Para crear recuerdos especiales con los tuyos.<\/p>\n<\/div>\n<\/div>\n\n\n\n<div class=\"wp-block-column is-vertically-aligned-center is-layout-flow wp-container-core-column-is-layout-db2cb278 wp-block-column-is-layout-flow\">\n<figure class=\"wp-block-image size-full\"><img loading=\"lazy\" decoding=\"async\" width=\"583\" height=\"832\" data-attachment-id=\"444\" data-permalink=\"https:\/\/restauranteorio.es\/?attachment_id=444\" data-orig-file=\"https:\/\/restauranteorio.es\/wp-content\/uploads\/2025\/06\/bexdt-1.png\" data-orig-size=\"583,832\" data-comments-opened=\"1\" data-image-meta=\"{&quot;aperture&quot;:&quot;0&quot;,&quot;credit&quot;:&quot;&quot;,&quot;camera&quot;:&quot;&quot;,&quot;caption&quot;:&quot;&quot;,&quot;created_timestamp&quot;:&quot;0&quot;,&quot;copyright&quot;:&quot;&quot;,&quot;focal_length&quot;:&quot;0&quot;,&quot;iso&quot;:&quot;0&quot;,&quot;shutter_speed&quot;:&quot;0&quot;,&quot;title&quot;:&quot;&quot;,&quot;orientation&quot;:&quot;0&quot;}\" data-image-title=\"bexdt+\" data-image-description=\"\" data-image-caption=\"\" data-medium-file=\"https:\/\/restauranteorio.es\/wp-content\/uploads\/2025\/06\/bexdt-1-210x300.png\" data-large-file=\"https:\/\/restauranteorio.es\/wp-content\/uploads\/2025\/06\/bexdt-1.png\" src=\"https:\/\/restauranteorio.es\/wp-content\/uploads\/2025\/06\/bexdt-1.png\" alt=\"\" class=\"wp-image-444\" style=\"object-fit:cover\" srcset=\"https:\/\/restauranteorio.es\/wp-content\/uploads\/2025\/06\/bexdt-1.png 583w, https:\/\/restauranteorio.es\/wp-content\/uploads\/2025\/06\/bexdt-1-210x300.png 210w\" sizes=\"auto, (max-width: 583px) 100vw, 583px\" \/><\/figure>\n\n\n\n<div class=\"wp-block-group has-global-padding is-layout-constrained wp-container-core-group-is-layout-85cc789f wp-block-group-is-layout-constrained\">\n<div class=\"wp-block-group has-global-padding is-layout-constrained wp-container-core-group-is-layout-19e250f3 wp-block-group-is-layout-constrained\">\n<h3 class=\"wp-block-heading has-text-align-center has-contrast-color has-text-color\" style=\"font-size:clamp(15.747px, 0.984rem + ((1vw - 3.2px) * 0.938), 24px);\">Cenas de Empresa.<\/h3>\n<\/div>\n\n\n\n<p class=\"has-text-align-center has-mono-2-color has-text-color has-superbfont-xsmall-font-size\" style=\"margin-top:var(--wp--preset--spacing--superbspacing-xxsmall);margin-bottom:var(--wp--preset--spacing--superbspacing-xxsmall)\">Con un servicio atento y una carta variada.<\/p>\n<\/div>\n<\/div>\n\n\n\n<div class=\"wp-block-column is-vertically-aligned-center is-layout-flow wp-container-core-column-is-layout-db2cb278 wp-block-column-is-layout-flow\">\n<figure class=\"wp-block-image size-full\"><img loading=\"lazy\" decoding=\"async\" width=\"583\" height=\"832\" data-attachment-id=\"447\" data-permalink=\"https:\/\/restauranteorio.es\/?attachment_id=447\" data-orig-file=\"https:\/\/restauranteorio.es\/wp-content\/uploads\/2025\/06\/2v-2.png\" data-orig-size=\"583,832\" data-comments-opened=\"1\" data-image-meta=\"{&quot;aperture&quot;:&quot;0&quot;,&quot;credit&quot;:&quot;&quot;,&quot;camera&quot;:&quot;&quot;,&quot;caption&quot;:&quot;&quot;,&quot;created_timestamp&quot;:&quot;0&quot;,&quot;copyright&quot;:&quot;&quot;,&quot;focal_length&quot;:&quot;0&quot;,&quot;iso&quot;:&quot;0&quot;,&quot;shutter_speed&quot;:&quot;0&quot;,&quot;title&quot;:&quot;&quot;,&quot;orientation&quot;:&quot;0&quot;}\" data-image-title=\"2v\" data-image-description=\"\" data-image-caption=\"\" data-medium-file=\"https:\/\/restauranteorio.es\/wp-content\/uploads\/2025\/06\/2v-2-210x300.png\" data-large-file=\"https:\/\/restauranteorio.es\/wp-content\/uploads\/2025\/06\/2v-2.png\" src=\"https:\/\/restauranteorio.es\/wp-content\/uploads\/2025\/06\/2v-2.png\" alt=\"\" class=\"wp-image-447\" style=\"object-fit:cover\" srcset=\"https:\/\/restauranteorio.es\/wp-content\/uploads\/2025\/06\/2v-2.png 583w, https:\/\/restauranteorio.es\/wp-content\/uploads\/2025\/06\/2v-2-210x300.png 210w\" sizes=\"auto, (max-width: 583px) 100vw, 583px\" \/><\/figure>\n\n\n\n<div class=\"wp-block-group has-global-padding is-layout-constrained wp-container-core-group-is-layout-85cc789f wp-block-group-is-layout-constrained\">\n<div class=\"wp-block-group has-global-padding is-layout-constrained wp-container-core-group-is-layout-19e250f3 wp-block-group-is-layout-constrained\">\n<h3 class=\"wp-block-heading has-text-align-center has-contrast-color has-text-color\" style=\"font-size:clamp(15.747px, 0.984rem + ((1vw - 3.2px) * 0.938), 24px);\">Cumplea\u00f1os.<\/h3>\n<\/div>\n\n\n\n<p class=\"has-text-align-center has-mono-2-color has-text-color has-superbfont-xsmall-font-size\" style=\"margin-top:var(--wp--preset--spacing--superbspacing-xxsmall);margin-bottom:var(--wp--preset--spacing--superbspacing-xxsmall)\">Para los m\u00e1s grandes y los m\u00e1s peque\u00f1os.<\/p>\n<\/div>\n<\/div>\n<\/div>\n<\/div>\n\n\n\n<div class=\"wp-block-group alignfull fondo-patron has-mono-4-background-color has-background has-global-padding is-layout-constrained wp-container-core-group-is-layout-8bbd0b3b wp-block-group-is-layout-constrained\" style=\"margin-top:0;margin-bottom:0;padding-top:var(--wp--preset--spacing--superbspacing-large);padding-right:var(--wp--preset--spacing--superbspacing-small);padding-bottom:var(--wp--preset--spacing--superbspacing-large);padding-left:var(--wp--preset--spacing--superbspacing-small)\">\n<div class=\"wp-block-columns alignwide is-layout-flex wp-container-core-columns-is-layout-25593187 wp-block-columns-is-layout-flex\">\n<div class=\"wp-block-column is-vertically-aligned-center is-layout-flow wp-container-core-column-is-layout-a1628350 wp-block-column-is-layout-flow\" style=\"padding-top:0;padding-right:0;padding-bottom:0;padding-left:0\">\n<div class=\"wp-block-group is-layout-flow wp-container-core-group-is-layout-ff697075 wp-block-group-is-layout-flow\">\n<div class=\"wp-block-group is-layout-flow wp-container-core-group-is-layout-ff697075 wp-block-group-is-layout-flow\">\n<p class=\"has-featured-color has-text-color has-link-color has-superbfont-small-font-size wp-elements-40418aa472972dc06b6f38bc754dfb91\">.<\/p>\n\n\n\n<h3 class=\"wp-block-heading has-text-align-left has-superbfont-xlarge-font-size\" style=\"line-height:1.2\">Haznos saber los detalles,<br> nosotros nos ocupamos.<\/h3>\n\n\n\n<p class=\"has-text-align-left has-mono-2-color has-text-color has-superbfont-small-font-size\">   Ponemos a tu disposici\u00f3n un men\u00fa de rechupete, decoraci\u00f3n personalizada y m\u00fasica para que te sientas como en casa con la gente que m\u00e1s amas.<\/p>\n<\/div>\n<\/div>\n<\/div>\n\n\n\n<div class=\"wp-block-column is-vertically-aligned-center is-layout-flow wp-container-core-column-is-layout-40a2a7e8 wp-block-column-is-layout-flow\" style=\"padding-right:0;padding-bottom:0;padding-left:0\">\n<figure class=\"wp-block-image size-large has-custom-border\"><img loading=\"lazy\" decoding=\"async\" width=\"1024\" height=\"772\" data-attachment-id=\"467\" data-permalink=\"https:\/\/restauranteorio.es\/?attachment_id=467\" data-orig-file=\"https:\/\/restauranteorio.es\/wp-content\/uploads\/2025\/06\/333.png\" data-orig-size=\"1818,1370\" data-comments-opened=\"1\" data-image-meta=\"{&quot;aperture&quot;:&quot;0&quot;,&quot;credit&quot;:&quot;&quot;,&quot;camera&quot;:&quot;&quot;,&quot;caption&quot;:&quot;&quot;,&quot;created_timestamp&quot;:&quot;0&quot;,&quot;copyright&quot;:&quot;&quot;,&quot;focal_length&quot;:&quot;0&quot;,&quot;iso&quot;:&quot;0&quot;,&quot;shutter_speed&quot;:&quot;0&quot;,&quot;title&quot;:&quot;&quot;,&quot;orientation&quot;:&quot;0&quot;}\" data-image-title=\"333\" data-image-description=\"\" data-image-caption=\"\" data-medium-file=\"https:\/\/restauranteorio.es\/wp-content\/uploads\/2025\/06\/333-300x226.png\" data-large-file=\"https:\/\/restauranteorio.es\/wp-content\/uploads\/2025\/06\/333-1024x772.png\" src=\"https:\/\/restauranteorio.es\/wp-content\/uploads\/2025\/06\/333-1024x772.png\" alt=\"\" class=\"wp-image-467\" style=\"border-radius:0px\" srcset=\"https:\/\/restauranteorio.es\/wp-content\/uploads\/2025\/06\/333-1024x772.png 1024w, https:\/\/restauranteorio.es\/wp-content\/uploads\/2025\/06\/333-300x226.png 300w, https:\/\/restauranteorio.es\/wp-content\/uploads\/2025\/06\/333-768x579.png 768w, https:\/\/restauranteorio.es\/wp-content\/uploads\/2025\/06\/333-1536x1157.png 1536w, https:\/\/restauranteorio.es\/wp-content\/uploads\/2025\/06\/333.png 1818w\" sizes=\"auto, (max-width: 1024px) 100vw, 1024px\" \/><\/figure>\n<\/div>\n<\/div>\n\n\n\n<div class=\"wp-block-group is-content-justification-space-between is-nowrap is-layout-flex wp-container-core-group-is-layout-5b5f4f75 wp-block-group-is-layout-flex\" style=\"min-height:0px;margin-top:var(--wp--preset--spacing--superbspacing-xsmall);margin-bottom:var(--wp--preset--spacing--superbspacing-xsmall);padding-top:var(--wp--preset--spacing--superbspacing-small);padding-right:var(--wp--preset--spacing--superbspacing-xxlarge);padding-bottom:var(--wp--preset--spacing--superbspacing-small);padding-left:var(--wp--preset--spacing--superbspacing-xxlarge)\">\n<figure class=\"wp-block-image size-full is-resized\"><a href=\"https:\/\/maps.app.goo.gl\/BPDWA1Ni4TGrzCVS6\"><img loading=\"lazy\" decoding=\"async\" width=\"664\" height=\"512\" data-attachment-id=\"496\" data-permalink=\"https:\/\/restauranteorio.es\/?attachment_id=496\" data-orig-file=\"https:\/\/restauranteorio.es\/wp-content\/uploads\/2025\/06\/2-3.png\" data-orig-size=\"664,512\" data-comments-opened=\"1\" data-image-meta=\"{&quot;aperture&quot;:&quot;0&quot;,&quot;credit&quot;:&quot;&quot;,&quot;camera&quot;:&quot;&quot;,&quot;caption&quot;:&quot;&quot;,&quot;created_timestamp&quot;:&quot;0&quot;,&quot;copyright&quot;:&quot;&quot;,&quot;focal_length&quot;:&quot;0&quot;,&quot;iso&quot;:&quot;0&quot;,&quot;shutter_speed&quot;:&quot;0&quot;,&quot;title&quot;:&quot;&quot;,&quot;orientation&quot;:&quot;0&quot;}\" data-image-title=\"2\" data-image-description=\"\" data-image-caption=\"\" data-medium-file=\"https:\/\/restauranteorio.es\/wp-content\/uploads\/2025\/06\/2-3-300x231.png\" data-large-file=\"https:\/\/restauranteorio.es\/wp-content\/uploads\/2025\/06\/2-3.png\" src=\"https:\/\/restauranteorio.es\/wp-content\/uploads\/2025\/06\/2-3.png\" alt=\"\" class=\"wp-image-496\" style=\"width:255px;height:auto\" srcset=\"https:\/\/restauranteorio.es\/wp-content\/uploads\/2025\/06\/2-3.png 664w, https:\/\/restauranteorio.es\/wp-content\/uploads\/2025\/06\/2-3-300x231.png 300w\" sizes=\"auto, (max-width: 664px) 100vw, 664px\" \/><\/a><\/figure>\n\n\n\n<figure class=\"wp-block-image size-full is-resized is-style-default\"><img loading=\"lazy\" decoding=\"async\" width=\"2560\" height=\"2490\" data-attachment-id=\"8\" data-permalink=\"https:\/\/restauranteorio.es\/?attachment_id=8\" data-orig-file=\"https:\/\/restauranteorio.es\/wp-content\/uploads\/2025\/06\/Orio-Laredo-Logo-scaled.png\" data-orig-size=\"2560,2490\" data-comments-opened=\"1\" data-image-meta=\"{&quot;aperture&quot;:&quot;0&quot;,&quot;credit&quot;:&quot;&quot;,&quot;camera&quot;:&quot;&quot;,&quot;caption&quot;:&quot;&quot;,&quot;created_timestamp&quot;:&quot;0&quot;,&quot;copyright&quot;:&quot;&quot;,&quot;focal_length&quot;:&quot;0&quot;,&quot;iso&quot;:&quot;0&quot;,&quot;shutter_speed&quot;:&quot;0&quot;,&quot;title&quot;:&quot;&quot;,&quot;orientation&quot;:&quot;0&quot;}\" data-image-title=\"Orio Laredo Logo\" data-image-description=\"\" data-image-caption=\"\" data-medium-file=\"https:\/\/restauranteorio.es\/wp-content\/uploads\/2025\/06\/Orio-Laredo-Logo-300x292.png\" data-large-file=\"https:\/\/restauranteorio.es\/wp-content\/uploads\/2025\/06\/Orio-Laredo-Logo-1024x996.png\" src=\"https:\/\/restauranteorio.es\/wp-content\/uploads\/2025\/06\/Orio-Laredo-Logo-scaled.png\" alt=\"\" class=\"wp-image-8\" style=\"width:309px;height:auto\" srcset=\"https:\/\/restauranteorio.es\/wp-content\/uploads\/2025\/06\/Orio-Laredo-Logo-scaled.png 2560w, https:\/\/restauranteorio.es\/wp-content\/uploads\/2025\/06\/Orio-Laredo-Logo-300x292.png 300w, https:\/\/restauranteorio.es\/wp-content\/uploads\/2025\/06\/Orio-Laredo-Logo-1024x996.png 1024w, https:\/\/restauranteorio.es\/wp-content\/uploads\/2025\/06\/Orio-Laredo-Logo-768x747.png 768w, https:\/\/restauranteorio.es\/wp-content\/uploads\/2025\/06\/Orio-Laredo-Logo-1536x1494.png 1536w, https:\/\/restauranteorio.es\/wp-content\/uploads\/2025\/06\/Orio-Laredo-Logo-2048x1992.png 2048w\" sizes=\"auto, (max-width: 2560px) 100vw, 2560px\" \/><\/figure>\n\n\n\n<figure class=\"wp-block-image size-full is-resized is-style-default\"><a href=\"tel:942607093\"><img loading=\"lazy\" decoding=\"async\" width=\"575\" height=\"512\" data-attachment-id=\"508\" data-permalink=\"https:\/\/restauranteorio.es\/?attachment_id=508\" data-orig-file=\"https:\/\/restauranteorio.es\/wp-content\/uploads\/2025\/06\/12-1.png\" data-orig-size=\"575,512\" data-comments-opened=\"1\" data-image-meta=\"{&quot;aperture&quot;:&quot;0&quot;,&quot;credit&quot;:&quot;&quot;,&quot;camera&quot;:&quot;&quot;,&quot;caption&quot;:&quot;&quot;,&quot;created_timestamp&quot;:&quot;0&quot;,&quot;copyright&quot;:&quot;&quot;,&quot;focal_length&quot;:&quot;0&quot;,&quot;iso&quot;:&quot;0&quot;,&quot;shutter_speed&quot;:&quot;0&quot;,&quot;title&quot;:&quot;&quot;,&quot;orientation&quot;:&quot;0&quot;}\" data-image-title=\"12\" data-image-description=\"\" data-image-caption=\"\" data-medium-file=\"https:\/\/restauranteorio.es\/wp-content\/uploads\/2025\/06\/12-1-300x267.png\" data-large-file=\"https:\/\/restauranteorio.es\/wp-content\/uploads\/2025\/06\/12-1.png\" src=\"https:\/\/restauranteorio.es\/wp-content\/uploads\/2025\/06\/12-1.png\" alt=\"\" class=\"wp-image-508\" style=\"width:249px;height:auto\" srcset=\"https:\/\/restauranteorio.es\/wp-content\/uploads\/2025\/06\/12-1.png 575w, https:\/\/restauranteorio.es\/wp-content\/uploads\/2025\/06\/12-1-300x267.png 300w\" sizes=\"auto, (max-width: 575px) 100vw, 575px\" \/><\/a><\/figure>\n<\/div>\n\n\n\n<h3 class=\"wp-block-heading has-text-align-center has-superbfont-xlarge-font-size\" style=\"line-height:1.2\">942 60 70 93<\/h3>\n\n\n\n<h3 class=\"wp-block-heading has-text-align-center has-superbfont-xlarge-font-size\" style=\"line-height:1.2\">Av. de Espa\u00f1a, 10<\/h3>\n<\/div>\n\n\n\n<p><\/p>\n","protected":false},"excerpt":{"rendered":"<p>Preparaci\u00f3n personalizada, para que disfrutes tal y como esperas. Despedidas. Para crear recuerdos especiales con los tuyos. Cenas de Empresa. Con un servicio atento y una carta variada. Cumplea\u00f1os. Para los m\u00e1s grandes y los m\u00e1s peque\u00f1os. . Haznos saber los detalles, nosotros nos ocupamos. Ponemos a tu disposici\u00f3n un men\u00fa de rechupete, decoraci\u00f3n personalizada [&hellip;]<\/p>\n","protected":false},"author":1,"featured_media":0,"parent":0,"menu_order":0,"comment_status":"closed","ping_status":"closed","template":"page-full-width","meta":{"footnotes":""},"class_list":["post-135","page","type-page","status-publish","hentry"],"jetpack_sharing_enabled":true,"_links":{"self":[{"href":"https:\/\/restauranteorio.es\/index.php?rest_route=\/wp\/v2\/pages\/135","targetHints":{"allow":["GET"]}}],"collection":[{"href":"https:\/\/restauranteorio.es\/index.php?rest_route=\/wp\/v2\/pages"}],"about":[{"href":"https:\/\/restauranteorio.es\/index.php?rest_route=\/wp\/v2\/types\/page"}],"author":[{"embeddable":true,"href":"https:\/\/restauranteorio.es\/index.php?rest_route=\/wp\/v2\/users\/1"}],"replies":[{"embeddable":true,"href":"https:\/\/restauranteorio.es\/index.php?rest_route=%2Fwp%2Fv2%2Fcomments&post=135"}],"version-history":[{"count":5,"href":"https:\/\/restauranteorio.es\/index.php?rest_route=\/wp\/v2\/pages\/135\/revisions"}],"predecessor-version":[{"id":762,"href":"https:\/\/restauranteorio.es\/index.php?rest_route=\/wp\/v2\/pages\/135\/revisions\/762"}],"wp:attachment":[{"href":"https:\/\/restauranteorio.es\/index.php?rest_route=%2Fwp%2Fv2%2Fmedia&parent=135"}],"curies":[{"name":"wp","href":"https:\/\/api.w.org\/{rel}","templated":true}]}}